{"id":87,"date":"2022-05-20T11:29:28","date_gmt":"2022-05-20T09:29:28","guid":{"rendered":"http:\/\/brandteknik.lmdata.nu\/?page_id=87"},"modified":"2025-10-07T14:12:41","modified_gmt":"2025-10-07T12:12:41","slug":"utbildning","status":"publish","type":"page","link":"https:\/\/www.brandteknik.nu\/index.php\/utbildning\/","title":{"rendered":"Utbildning"},"content":{"rendered":"<div data-colibri-id=\"87-c1\" class=\"style-510 style-local-87-c1 position-relative\">\n  <!---->\n  <div data-colibri-component=\"section\" data-colibri-id=\"87-c2\" id=\"custom\" class=\"h-section h-section-global-spacing d-flex align-items-lg-center align-items-md-center align-items-center style-519 style-local-87-c2 position-relative\">\n    <!---->\n    <!---->\n    <div class=\"h-section-grid-container h-section-boxed-container\">\n      <!---->\n      <div data-colibri-id=\"87-c3\" class=\"h-row-container gutters-row-lg-2 gutters-row-md-2 gutters-row-0 gutters-row-v-lg-2 gutters-row-v-md-2 gutters-row-v-2 style-520 style-local-87-c3 position-relative\">\n        <!---->\n        <div class=\"h-row justify-content-lg-center justify-content-md-center justify-content-center align-items-lg-stretch align-items-md-stretch align-items-stretch gutters-col-lg-2 gutters-col-md-2 gutters-col-0 gutters-col-v-lg-2 gutters-col-v-md-2 gutters-col-v-2\">\n          <!---->\n          <div class=\"h-column h-column-container d-flex h-col-lg-6 h-col-md-6 h-col-12 style-521-outer style-local-87-c4-outer\">\n            <div data-colibri-id=\"87-c4\" class=\"d-flex h-flex-basis h-column__inner h-px-lg-2 h-px-md-2 h-px-2 v-inner-lg-2 v-inner-md-2 v-inner-2 style-521 style-local-87-c4 position-relative\">\n              <!---->\n              <!---->\n              <div class=\"w-100 h-y-container h-column__content h-column__v-align flex-basis-100 align-self-lg-start align-self-md-start align-self-start\">\n                <!---->\n                <div data-colibri-id=\"87-c5\" class=\"h-text h-text-component style-523 style-local-87-c5 position-relative h-element\">\n                  <!---->\n                  <!---->\n                  <div class=\"\">\n                    <h3>V\u00c5RA UTBILDNINGAR<\/h3>\n                  <\/div>\n                <\/div>\n              <\/div>\n            <\/div>\n          <\/div>\n        <\/div>\n      <\/div>\n      <div data-colibri-id=\"87-c6\" class=\"h-row-container gutters-row-lg-2 gutters-row-md-2 gutters-row-0 gutters-row-v-lg-2 gutters-row-v-md-2 gutters-row-v-2 style-564 style-local-87-c6 position-relative\">\n        <!---->\n        <div class=\"h-row justify-content-lg-center justify-content-md-center justify-content-center align-items-lg-stretch align-items-md-stretch align-items-stretch gutters-col-lg-2 gutters-col-md-2 gutters-col-0 gutters-col-v-lg-2 gutters-col-v-md-2 gutters-col-v-2\">\n          <!---->\n          <div class=\"h-column h-column-container d-flex h-col-lg-auto h-col-md-auto h-col-auto style-565-outer style-local-87-c7-outer\">\n            <div data-colibri-id=\"87-c7\" class=\"d-flex h-flex-basis h-column__inner h-px-lg-2 h-px-md-2 h-px-2 v-inner-lg-2 v-inner-md-2 v-inner-2 style-565 style-local-87-c7 position-relative\">\n              <!---->\n              <!---->\n              <div class=\"w-100 h-y-container h-column__content h-column__v-align flex-basis-100 align-self-lg-start align-self-md-start align-self-start\">\n                <!---->\n                <div data-colibri-id=\"87-c8\" class=\"h-text h-text-component style-566 style-local-87-c8 position-relative h-element\">\n                  <!---->\n                  <!---->\n                  <div class=\"\">\n                    <p><em>Vi erbjuder b\u00e5de kundanpassade och \u00f6ppna brandrelaterade utbildningar.<\/em><\/p>\n                    <p><em>F\u00f6r skr\u00e4ddarsydda utbildningar kontakta <\/em>\n                      <a href=\"https:\/\/www.brandteknik.nu\/index.php\/kontakt\" style=\"color: rgb(204, 4, 0); font-weight: 400;\"><em>Bj\u00e4re Brandteknik &gt;<\/em><\/a>\n                      <br>\n                    <\/p>\n                  <\/div>\n                <\/div>\n              <\/div>\n            <\/div>\n          <\/div>\n        <\/div>\n      <\/div>\n    <\/div>\n  <\/div>\n  <div data-colibri-component=\"section\" data-colibri-id=\"87-c16\" id=\"custom\" class=\"h-section h-section-global-spacing d-flex align-items-lg-center align-items-md-center align-items-center style-519 style-local-87-c16 position-relative\">\n    <!---->\n    <!---->\n    <div class=\"h-section-grid-container h-section-boxed-container\">\n      <!---->\n      <div data-colibri-id=\"87-c17\" class=\"h-row-container gutters-row-lg-2 gutters-row-md-2 gutters-row-0 gutters-row-v-lg-2 gutters-row-v-md-2 gutters-row-v-2 style-520 style-local-87-c17 position-relative\">\n        <!---->\n        <div class=\"h-row justify-content-lg-center justify-content-md-center justify-content-center align-items-lg-stretch align-items-md-stretch align-items-stretch gutters-col-lg-2 gutters-col-md-2 gutters-col-0 gutters-col-v-lg-2 gutters-col-v-md-2 gutters-col-v-2\">\n          <!---->\n          <div class=\"h-column h-column-container d-flex h-col-lg-6 h-col-md-6 h-col-12 style-521-outer style-local-87-c18-outer\">\n            <div data-colibri-id=\"87-c18\" class=\"d-flex h-flex-basis h-column__inner h-px-lg-2 h-px-md-2 h-px-2 v-inner-lg-2 v-inner-md-2 v-inner-2 style-521 style-local-87-c18 position-relative\">\n              <!---->\n              <!---->\n              <div class=\"w-100 h-y-container h-column__content h-column__v-align flex-basis-100 align-self-lg-start align-self-md-start align-self-start\">\n                <!---->\n                <div data-colibri-id=\"87-c19\" class=\"h-text h-text-component style-523 style-local-87-c19 position-relative h-element\">\n                  <!---->\n                  <!---->\n                  <div class=\"\">\n                    <h3>KUNDANPASSADE UTBILDNINGAR<\/h3>\n                    <p>\n                      <br>\n                    <\/p>\n                  <\/div>\n                <\/div>\n              <\/div>\n            <\/div>\n          <\/div>\n        <\/div>\n      <\/div>\n    <\/div>\n  <\/div>\n  <div data-colibri-component=\"section\" data-colibri-id=\"87-c20\" id=\"custom\" class=\"h-section h-section-global-spacing d-flex align-items-lg-center align-items-md-center align-items-center style-519 style-local-87-c20 position-relative\">\n    <!---->\n    <!---->\n    <div class=\"h-section-grid-container h-section-boxed-container\">\n      <!---->\n      <div data-colibri-id=\"87-c21\" class=\"h-row-container gutters-row-lg-2 gutters-row-md-2 gutters-row-0 gutters-row-v-lg-2 gutters-row-v-md-2 gutters-row-v-2 style-520 style-local-87-c21 position-relative\">\n        <!---->\n        <div class=\"h-row justify-content-lg-center justify-content-md-center justify-content-center align-items-lg-stretch align-items-md-stretch align-items-stretch gutters-col-lg-2 gutters-col-md-2 gutters-col-0 gutters-col-v-lg-2 gutters-col-v-md-2 gutters-col-v-2\">\n          <!---->\n          <div class=\"h-column h-column-container d-flex h-col-lg-6 h-col-md-6 h-col-12 style-522-outer style-local-87-c22-outer\">\n            <div data-colibri-id=\"87-c22\" class=\"d-flex h-flex-basis h-column__inner h-px-lg-2 h-px-md-2 h-px-2 v-inner-lg-2 v-inner-md-2 v-inner-2 style-522 style-local-87-c22 position-relative\">\n              <!---->\n              <!---->\n              <div class=\"w-100 h-y-container h-column__content h-column__v-align flex-basis-100 align-self-lg-start align-self-md-start align-self-start\">\n                <!---->\n                <div data-colibri-component=\"content-swap\" data-colibri-id=\"87-c23\" class=\"content-swap style-529 style-local-87-c23 position-relative h-element\">\n                  <!---->\n                  <div class=\"d-flex position-relative border-radius-inherit h-content-swap__overflow\">\n                    <div data-normal=\"\" data-colibri-id=\"87-c24\" class=\"h-content-swap__normal d-flex border-radius-inherit hide-animation style-530 style-local-87-c24 position-relative\">\n                      <!---->\n                      <div class=\"w-100 h-y-container align-self-lg-center align-self-md-center align-self-center\">\n                        <!---->\n                        <div data-colibri-id=\"87-c25\" class=\"h-global-transition-all h-heading style-531 style-local-87-c25 position-relative h-element\">\n                          <!---->\n                          <div class=\"h-heading__outer style-531 style-local-87-c25\">\n                            <!---->\n                            <!---->\n                            <h3 class=\"\"><span style=\"color: rgb(255, 255, 255);\">Heta arbeten<\/span><\/h3>\n                          <\/div>\n                        <\/div>\n                        <div data-colibri-id=\"87-c26\" class=\"h-text h-text-component style-532 style-local-87-c26 position-relative h-element\">\n                          <!---->\n                          <!---->\n                          <div class=\"\">\n                            <p><span style=\"font-family: &quot;Nunito Sans&quot;;\">Alla arbete som skapar v\u00e4rme kr\u00e4ver medvetenhet och kunskap. Vi h\u00e5ller utbildningar b\u00e5de i <\/span>\n                              <a href=\"https:\/\/www.hetaarbeten.se\" target=\"_blank\" style=\"font-family: &quot;Nunito Sans&quot;; color: rgb(255, 255, 255);\"\n                                class=\"customize-unpreviewable\"><em>Heta Arbeten<\/em><\/a><span style=\"font-family: &quot;Nunito Sans&quot;; color: rgb(0, 0, 0);\"> <\/span><span style=\"font-family: &quot;Nunito Sans&quot;; color: rgb(255, 255, 255);\">och\ufeff<\/span><span style=\"font-family: &quot;Nunito Sans&quot;; color: rgb(0, 0, 0);\"> <\/span>\n                              <a\n                                href=\"https:\/\/brandfarligaarbeten.com\" target=\"_blank\" style=\"font-family: &quot;Nunito Sans&quot;; color: rgb(255, 255, 255);\" class=\"customize-unpreviewable\"><em>Brandfarliga Arbeten<\/em><\/a><span style=\"font-family: &quot;Nunito Sans&quot;; color: rgb(255, 255, 255);\">.<\/span><\/p>\n                            <p><span style=\"font-family: &quot;Nunito Sans&quot;;\">Detta \u00e4r en kundanpassad 6-timmarsutbildning p\u00e5 plats <br>som man b\u00f6r genomg\u00e5 minst vart femte \u00e5r .<\/span><\/p>\n                          <\/div>\n                        <\/div>\n                      <\/div>\n                    <\/div>\n                    <div data-hover=\"\" data-colibri-component=\"link\" data-href=\"https:\/\/www.brandteknik.nu\/index.php\/category\/utbildning\/\" data-colibri-id=\"87-c27\" class=\"h-content-swap-hover-container animated h-content-swap__hover d-flex border-radius-inherit fadeIn h-ui-empty-state-container justify-content-lg-center justify-content-md-center justify-content-center h-content-swap-hover-container--with-link style-533 style-local-87-c27 position-relative\"\n                      style=\"display: none;\">\n                      <!---->\n                      <div class=\"w-100 h-y-container\">\n                        <!---->\n                      <\/div>\n                    <\/div>\n                  <\/div>\n                <\/div>\n              <\/div>\n            <\/div>\n          <\/div>\n          <div class=\"h-column h-column-container d-flex h-col-lg-6 h-col-md-6 h-col-12 style-536-outer style-local-87-c28-outer\">\n            <div data-colibri-id=\"87-c28\" class=\"d-flex h-flex-basis h-column__inner h-px-lg-2 h-px-md-2 h-px-2 v-inner-lg-2 v-inner-md-2 v-inner-2 style-536 style-local-87-c28 position-relative\">\n              <!---->\n              <!---->\n              <div class=\"w-100 h-y-container h-column__content h-column__v-align flex-basis-100 align-self-lg-start align-self-md-start align-self-start\">\n                <!---->\n                <div data-colibri-component=\"content-swap\" data-colibri-id=\"87-c29\" class=\"content-swap style-537 style-local-87-c29 position-relative h-element\">\n                  <!---->\n                  <div class=\"d-flex position-relative border-radius-inherit h-content-swap__overflow\">\n                    <div data-normal=\"\" data-colibri-id=\"87-c30\" class=\"h-content-swap__normal d-flex border-radius-inherit hide-animation style-538 style-local-87-c30 position-relative\">\n                      <!---->\n                      <div class=\"w-100 h-y-container align-self-lg-center align-self-md-center align-self-center\">\n                        <!---->\n                        <div data-colibri-id=\"87-c31\" class=\"h-global-transition-all h-heading style-539 style-local-87-c31 position-relative h-element\">\n                          <!---->\n                          <div class=\"h-heading__outer style-539 style-local-87-c31\">\n                            <!---->\n                            <!---->\n                            <h3 class=\"\">Brandkunskap\/SBA<\/h3>\n                          <\/div>\n                        <\/div>\n                        <div data-colibri-id=\"87-c32\" class=\"h-text h-text-component style-540 style-local-87-c32 position-relative h-element\">\n                          <!---->\n                          <!---->\n                          <div class=\"\">\n                            <p><span style=\"color: rgb(255, 255, 255); font-family: &quot;Nunito Sans&quot;; font-size: 16px; font-weight: 400;\">En utbildning som best\u00e5r av 2 timmar teori och 2 timmar praktik. Utbildningen sker hos kund och \u00e4r anpassad efter verksamheten, brandkrav och regelverk.<\/span><\/p>\n                            <p>\n                              <a href=\"https:\/\/www.brandskyddsforeningen.se\/brandsakerhet\/systematiskt-brandskyddsarbete\" style=\"font-family: &quot;Nunito Sans&quot;; color: rgb(255, 255, 255);\" target=\"_blank\" class=\"customize-unpreviewable\"><em>SBA<\/em><\/a><span style=\"font-family: &quot;Nunito Sans&quot;;\"> b\u00f6r man genomg\u00e5 var tredje \u00e5r.<\/span><\/p>\n                          <\/div>\n                        <\/div>\n                      <\/div>\n                    <\/div>\n                    <div data-hover=\"\" data-colibri-component=\"link\" data-href=\"https:\/\/www.brandteknik.nu\/index.php\/category\/utbildning\/\" data-colibri-id=\"87-c33\" class=\"h-content-swap-hover-container animated h-content-swap__hover d-flex border-radius-inherit fadeIn h-ui-empty-state-container justify-content-lg-center justify-content-md-center justify-content-center h-content-swap-hover-container--with-link style-541 style-local-87-c33 position-relative\"\n                      style=\"display: none;\">\n                      <!---->\n                      <div class=\"w-100 h-y-container\">\n                        <!---->\n                      <\/div>\n                    <\/div>\n                  <\/div>\n                <\/div>\n              <\/div>\n            <\/div>\n          <\/div>\n          <div class=\"h-column h-column-container d-flex h-col-lg-6 h-col-md-6 h-col-12 style-544-outer style-local-87-c34-outer\">\n            <div data-colibri-id=\"87-c34\" class=\"d-flex h-flex-basis h-column__inner h-ui-empty-state-container h-px-lg-2 h-px-md-2 h-px-2 v-inner-lg-2 v-inner-md-2 v-inner-2 style-544 style-local-87-c34 position-relative\">\n              <!---->\n              <!---->\n              <div class=\"w-100 h-y-container h-column__content h-column__v-align flex-basis-100\">\n                <!---->\n              <\/div>\n            <\/div>\n          <\/div>\n          <div class=\"h-column h-column-container d-flex h-col-lg-6 h-col-md-6 h-col-12 style-545-outer style-local-87-c35-outer\">\n            <div data-colibri-id=\"87-c35\" class=\"d-flex h-flex-basis h-column__inner h-ui-empty-state-container h-px-lg-2 h-px-md-2 h-px-2 v-inner-lg-2 v-inner-md-2 v-inner-2 style-545 style-local-87-c35 position-relative\">\n              <!---->\n              <!---->\n              <div class=\"w-100 h-y-container h-column__content h-column__v-align flex-basis-100\">\n                <!---->\n              <\/div>\n            <\/div>\n          <\/div>\n          <div class=\"h-column h-column-container d-flex h-col-lg-6 h-col-md-6 h-col-12 style-545-outer style-local-87-c36-outer\">\n            <div data-colibri-id=\"87-c36\" class=\"d-flex h-flex-basis h-column__inner h-px-lg-2 h-px-md-2 h-px-2 v-inner-lg-2 v-inner-md-2 v-inner-2 style-545 style-local-87-c36 position-relative\">\n              <!---->\n              <!---->\n              <div class=\"w-100 h-y-container h-column__content h-column__v-align flex-basis-100 align-self-lg-start align-self-md-start align-self-start\">\n                <!---->\n                <div data-colibri-component=\"content-swap\" data-colibri-id=\"87-c37\" class=\"content-swap style-546 style-local-87-c37 position-relative h-element\">\n                  <!---->\n                  <div class=\"d-flex position-relative border-radius-inherit h-content-swap__overflow\">\n                    <div data-normal=\"\" data-colibri-id=\"87-c38\" class=\"h-content-swap__normal d-flex border-radius-inherit hide-animation style-547 style-local-87-c38 position-relative\">\n                      <!---->\n                      <div class=\"w-100 h-y-container align-self-lg-center align-self-md-center align-self-center\">\n                        <!---->\n                        <div data-colibri-id=\"87-c39\" class=\"h-global-transition-all h-heading style-548 style-local-87-c39 position-relative h-element\">\n                          <!---->\n                          <div class=\"h-heading__outer style-548 style-local-87-c39\">\n                            <!---->\n                            <!---->\n                            <h3 class=\"\">F\u00f6rsta hj\u00e4lpen\n                              <br>Hj\u00e4rt &amp; Lungr\u00e4ddning (HLR)\n                              <br>Hj\u00e4rtstartare<\/h3>\n                          <\/div>\n                        <\/div>\n                        <div data-colibri-id=\"87-c40\" class=\"h-text h-text-component style-549 style-local-87-c40 position-relative h-element\">\n                          <!---->\n                          <!---->\n                          <div class=\"\">\n                            <p><span style=\"font-weight: 400; font-size: 16px; font-family: &quot;Nunito Sans&quot;; color: rgb(255, 255, 255);\">Utbildning som alla anst\u00e4llda b\u00f6r genomg\u00e5 var tredje. Utbildningen sker vanligtvis h\u00e4r i B\u00e5stad men kan sj\u00e4lvklart anpassas och ske hos kund.<\/span><\/p>\n                          <\/div>\n                        <\/div>\n                      <\/div>\n                    <\/div>\n                    <div data-hover=\"\" data-colibri-component=\"link\" data-href=\"https:\/\/www.brandteknik.nu\/index.php\/category\/utbildning\/\" data-colibri-id=\"87-c41\" class=\"h-content-swap-hover-container animated h-content-swap__hover d-flex border-radius-inherit fadeIn h-ui-empty-state-container justify-content-lg-center justify-content-md-center justify-content-center h-content-swap-hover-container--with-link style-550 style-local-87-c41 position-relative\"\n                      style=\"display: none;\">\n                      <!---->\n                      <div class=\"w-100 h-y-container\">\n                        <!---->\n                      <\/div>\n                    <\/div>\n                  <\/div>\n                <\/div>\n              <\/div>\n            <\/div>\n          <\/div>\n        <\/div>\n      <\/div>\n    <\/div>\n  <\/div>\n<\/div>","protected":false},"excerpt":{"rendered":"<p>V\u00c5RA UTBILDNINGAR Vi erbjuder b\u00e5de kundanpassade och \u00f6ppna brandrelaterade utbildningar. F\u00f6r skr\u00e4ddarsydda utbildningar kontakta Bj\u00e4re Brandteknik &gt; KUNDANPASSADE UTBILDNINGAR Heta arbeten Alla arbete som skapar v\u00e4rme kr\u00e4ver medvetenhet och kunskap. Vi h\u00e5ller utbildningar b\u00e5de i Heta Arbeten och\ufeff Brandfarliga Arbeten. Detta \u00e4r en kundanpassad 6-timmarsutbildning p\u00e5 plats som man b\u00f6r genomg\u00e5 minst vart femte \u00e5r [&hellip;]<\/p>\n","protected":false},"author":2,"featured_media":0,"parent":0,"menu_order":0,"comment_status":"closed","ping_status":"closed","template":"page-templates\/full-width-page.php","meta":{"footnotes":""},"class_list":["post-87","page","type-page","status-publish","hentry"],"_links":{"self":[{"href":"https:\/\/www.brandteknik.nu\/index.php\/wp-json\/wp\/v2\/pages\/87","targetHints":{"allow":["GET"]}}],"collection":[{"href":"https:\/\/www.brandteknik.nu\/index.php\/wp-json\/wp\/v2\/pages"}],"about":[{"href":"https:\/\/www.brandteknik.nu\/index.php\/wp-json\/wp\/v2\/types\/page"}],"author":[{"embeddable":true,"href":"https:\/\/www.brandteknik.nu\/index.php\/wp-json\/wp\/v2\/users\/2"}],"replies":[{"embeddable":true,"href":"https:\/\/www.brandteknik.nu\/index.php\/wp-json\/wp\/v2\/comments?post=87"}],"version-history":[{"count":21,"href":"https:\/\/www.brandteknik.nu\/index.php\/wp-json\/wp\/v2\/pages\/87\/revisions"}],"predecessor-version":[{"id":2336,"href":"https:\/\/www.brandteknik.nu\/index.php\/wp-json\/wp\/v2\/pages\/87\/revisions\/2336"}],"wp:attachment":[{"href":"https:\/\/www.brandteknik.nu\/index.php\/wp-json\/wp\/v2\/media?parent=87"}],"curies":[{"name":"wp","href":"https:\/\/api.w.org\/{rel}","templated":true}]}}