{"id":834,"date":"2022-08-30T11:16:24","date_gmt":"2022-08-30T09:16:24","guid":{"rendered":"http:\/\/brandteknik.lmdata.nu\/?page_id=834"},"modified":"2023-01-16T15:29:39","modified_gmt":"2023-01-16T14:29:39","slug":"konsultering","status":"publish","type":"page","link":"https:\/\/www.brandteknik.nu\/index.php\/konsultering\/","title":{"rendered":"Konsultering"},"content":{"rendered":"<div data-colibri-id=\"834-c1\" class=\"style-729 style-local-834-c1 position-relative\">\n  <!---->\n  <div data-colibri-component=\"section\" data-colibri-id=\"834-c2\" id=\"reusable-sections\" class=\"h-section h-section-global-spacing d-flex align-items-lg-center align-items-md-center align-items-center style-737 style-local-834-c2 position-relative\">\n    <!---->\n    <!---->\n    <div class=\"h-section-grid-container h-section-boxed-container\">\n      <!---->\n      <div data-colibri-id=\"834-c3\" class=\"h-row-container gutters-row-lg-2 gutters-row-md-2 gutters-row-0 gutters-row-v-lg-2 gutters-row-v-md-2 gutters-row-v-2 style-738 style-local-834-c3 position-relative\">\n        <!---->\n        <div class=\"h-row justify-content-lg-center justify-content-md-center justify-content-center align-items-lg-stretch align-items-md-stretch align-items-stretch gutters-col-lg-2 gutters-col-md-2 gutters-col-0 gutters-col-v-lg-2 gutters-col-v-md-2 gutters-col-v-2\">\n          <!---->\n          <div class=\"h-column h-column-container d-flex h-col-lg-6 h-col-md-6 h-col-12 style-739-outer style-local-834-c4-outer\">\n            <div data-colibri-id=\"834-c4\" class=\"d-flex h-flex-basis h-column__inner h-px-lg-2 h-px-md-2 h-px-2 v-inner-lg-2 v-inner-md-2 v-inner-2 style-739 style-local-834-c4 position-relative\">\n              <!---->\n              <!---->\n              <div class=\"w-100 h-y-container h-column__content h-column__v-align flex-basis-100 align-self-lg-start align-self-md-start align-self-start\">\n                <!---->\n                <div data-colibri-id=\"834-c5\" class=\"h-text h-text-component style-740 style-local-834-c5 position-relative h-element\">\n                  <!---->\n                  <!---->\n                  <div class=\"\">\n                    <h3>KONSULTERING<\/h3>\n                    <p>\n                      <br>\n                    <\/p>\n                  <\/div>\n                <\/div>\n              <\/div>\n            <\/div>\n          <\/div>\n        <\/div>\n      <\/div>\n      <div data-colibri-id=\"834-c6\" class=\"h-row-container gutters-row-lg-2 gutters-row-md-2 gutters-row-0 gutters-row-v-lg-2 gutters-row-v-md-2 gutters-row-v-2 style-741 style-local-834-c6 position-relative\">\n        <!---->\n        <div class=\"h-row justify-content-lg-center justify-content-md-center justify-content-center align-items-lg-stretch align-items-md-stretch align-items-stretch gutters-col-lg-2 gutters-col-md-2 gutters-col-0 gutters-col-v-lg-2 gutters-col-v-md-2 gutters-col-v-2\">\n          <!---->\n          <div class=\"h-column h-column-container d-flex h-col-lg-auto h-col-md-auto h-col-auto style-742-outer style-local-834-c7-outer\">\n            <div data-colibri-id=\"834-c7\" class=\"d-flex h-flex-basis h-column__inner h-px-lg-2 h-px-md-2 h-px-2 v-inner-lg-2 v-inner-md-2 v-inner-2 style-742 style-local-834-c7 position-relative\">\n              <!---->\n              <!---->\n              <div class=\"w-100 h-y-container h-column__content h-column__v-align flex-basis-100 align-self-lg-start align-self-md-start align-self-start\">\n                <!---->\n                <div data-colibri-id=\"834-c8\" class=\"h-text h-text-component style-743 style-local-834-c8 position-relative h-element\">\n                  <!---->\n                  <!---->\n                  <div class=\"\">\n                    <p><em>Konsultera Bj\u00e4re BrandTeknik n\u00e4r det g\u00e4ller brandrelaterade fr\u00e5gor i din verksamhet.&nbsp;<br><\/em><em style=\"font-weight: 400; font-size: 16px; font-family: Halant; color: rgb(37, 41, 42);\">V\u00e4lkommen att kontakta oss f\u00f6r information och prisuppgifter.<\/em><em><br><\/em><\/p>\n                  <\/div>\n                <\/div>\n              <\/div>\n            <\/div>\n          <\/div>\n        <\/div>\n      <\/div>\n    <\/div>\n  <\/div>\n  <div data-colibri-component=\"section\" data-colibri-id=\"834-c9\" id=\"reusable-sections-2\" class=\"h-section h-section-global-spacing d-flex align-items-lg-center align-items-md-center align-items-center style-744 style-local-834-c9 position-relative\">\n    <!---->\n    <!---->\n    <div class=\"h-section-grid-container h-section-boxed-container\">\n      <!---->\n      <div data-colibri-id=\"834-c10\" class=\"h-row-container gutters-row-lg-2 gutters-row-md-2 gutters-row-0 gutters-row-v-lg-2 gutters-row-v-md-2 gutters-row-v-2 style-771 style-local-834-c10 position-relative\">\n        <!---->\n        <div class=\"h-row justify-content-lg-center justify-content-md-center justify-content-center align-items-lg-stretch align-items-md-stretch align-items-stretch gutters-col-lg-2 gutters-col-md-2 gutters-col-0 gutters-col-v-lg-2 gutters-col-v-md-2 gutters-col-v-2\">\n          <!---->\n          <div class=\"h-column h-column-container d-flex h-col-lg-auto h-col-md-auto h-col-auto style-772-outer style-local-834-c11-outer\">\n            <div data-colibri-id=\"834-c11\" class=\"d-flex h-flex-basis h-column__inner h-px-lg-2 h-px-md-2 h-px-2 v-inner-lg-2 v-inner-md-2 v-inner-2 style-772 style-local-834-c11 position-relative\">\n              <!---->\n              <!---->\n              <div class=\"w-100 h-y-container h-column__content h-column__v-align flex-basis-100 align-self-lg-start align-self-md-start align-self-start\">\n                <!---->\n                <div data-colibri-component=\"content-swap\" data-colibri-id=\"834-c12\" class=\"content-swap style-764 style-local-834-c12 position-relative h-element\">\n                  <!---->\n                  <div class=\"d-flex position-relative border-radius-inherit h-content-swap__overflow\">\n                    <div data-normal=\"\" data-colibri-id=\"834-c13\" class=\"h-content-swap__normal d-flex border-radius-inherit hide-animation style-765 style-local-834-c13 position-relative\">\n                      <!---->\n                      <div class=\"w-100 h-y-container align-self-lg-center align-self-md-center align-self-center\">\n                        <!---->\n                        <div data-colibri-id=\"834-c14\" class=\"h-global-transition-all h-heading style-766 style-local-834-c14 position-relative h-element\">\n                          <!---->\n                          <div class=\"h-heading__outer style-766 style-local-834-c14\">\n                            <!---->\n                            <!---->\n                            <h3 class=\"\">Konsultering<\/h3>\n                          <\/div>\n                        <\/div>\n                        <div data-colibri-id=\"834-c15\" class=\"h-text h-text-component style-767 style-local-834-c15 position-relative h-element\">\n                          <!---->\n                          <!---->\n                          <div class=\"\">\n                            <p><span style=\"color: rgb(255, 255, 255); font-family: &quot;Nunito Sans&quot;; font-size: 16px; font-weight: 400;\">Bj\u00e4re Brandteknik hj\u00e4lper f\u00f6retag och verksamheter med brandrelaterade fr\u00e5gor. Vi \u00e4r ett team med olika utbildningar och erfarenheter som tillsammans har gedigen kompetens inom brandteknik och alla brandrelaterade fr\u00e5gor.<\/span><\/p>\n                            <p><span style=\"color: rgb(255, 255, 255); font-family: &quot;Nunito Sans&quot;; font-size: 16px; font-weight: 400;\">Vi \u00e4r samarbetspartners till stora och sm\u00e5 akt\u00f6rer p\u00e5 markknaden. Allt fr\u00e5n stora aff\u00e4rskedjor och sm\u00e5 enskild f\u00f6retag.<\/span><\/p>\n                            <p><span style=\"color: rgb(255, 255, 255); font-family: &quot;Nunito Sans&quot;; font-size: 16px; font-weight: 400;\"> <\/span><\/p>\n                          <\/div>\n                        <\/div>\n                      <\/div>\n                    <\/div>\n                    <div data-hover=\"\" data-colibri-component=\"link\" data-href=\"\" data-colibri-id=\"834-c16\" class=\"h-content-swap-hover-container animated h-content-swap__hover d-flex border-radius-inherit fadeIn justify-content-lg-center justify-content-md-center justify-content-center style-768 style-local-834-c16 position-relative\"\n                      style=\"display: none;\">\n                      <!---->\n                      <div class=\"w-100 h-y-container align-self-lg-center align-self-md-center align-self-center\">\n                        <!---->\n                        <div data-colibri-id=\"834-c17\" class=\"h-x-container style-769 style-local-834-c17 position-relative h-element\">\n                          <!---->\n                          <div class=\"h-x-container-inner style-dynamic-834-c17-group style-769-spacing style-local-834-c17-spacing\"><span class=\"h-button__outer style-770-outer style-local-834-c18-outer d-inline-flex h-element\"><a h-use-smooth-scroll=\"true\" href=\"https:\/\/www.brandteknik.nu\/index.php\/kontakt\/\" target=\"_blank\" data-colibri-id=\"834-c18\" class=\"d-flex w-100 align-items-center h-button justify-content-lg-center justify-content-md-center justify-content-center style-770 style-local-834-c18 position-relative\" rel=\"noopener\"><!----><!----> <span>KONTAKTA OSS<\/span><\/a>\n                            <\/span>\n                          <\/div>\n                        <\/div>\n                      <\/div>\n                    <\/div>\n                  <\/div>\n                <\/div>\n              <\/div>\n            <\/div>\n          <\/div>\n        <\/div>\n      <\/div>\n      <div data-colibri-id=\"834-c19\" class=\"h-row-container gutters-row-lg-2 gutters-row-md-2 gutters-row-0 gutters-row-v-lg-2 gutters-row-v-md-2 gutters-row-v-2 style-745 style-local-834-c19 position-relative\">\n        <!---->\n        <div class=\"h-row justify-content-lg-center justify-content-md-center justify-content-center align-items-lg-stretch align-items-md-stretch align-items-stretch gutters-col-lg-2 gutters-col-md-2 gutters-col-0 gutters-col-v-lg-2 gutters-col-v-md-2 gutters-col-v-2\">\n          <!---->\n          <div class=\"h-column h-column-container d-flex h-col-lg-6 h-col-md-6 h-col-12 style-746-outer style-local-834-c20-outer\">\n            <div data-colibri-id=\"834-c20\" class=\"d-flex h-flex-basis h-column__inner h-px-lg-2 h-px-md-2 h-px-2 v-inner-lg-2 v-inner-md-2 v-inner-2 style-746 style-local-834-c20 position-relative\">\n              <!---->\n              <!---->\n              <div class=\"w-100 h-y-container h-column__content h-column__v-align flex-basis-100 align-self-lg-start align-self-md-start align-self-start\">\n                <!---->\n                <div data-colibri-component=\"content-swap\" data-colibri-id=\"834-c21\" class=\"content-swap style-747 style-local-834-c21 position-relative h-element\">\n                  <!---->\n                  <div class=\"d-flex position-relative border-radius-inherit h-content-swap__overflow\">\n                    <div data-normal=\"\" data-colibri-id=\"834-c22\" class=\"h-content-swap__normal d-flex border-radius-inherit hide-animation style-748 style-local-834-c22 position-relative\">\n                      <!---->\n                      <div class=\"w-100 h-y-container align-self-lg-center align-self-md-center align-self-center\">\n                        <!---->\n                        <div data-colibri-id=\"834-c23\" class=\"h-global-transition-all h-heading style-749 style-local-834-c23 position-relative h-element\">\n                          <!---->\n                          <div class=\"h-heading__outer style-749 style-local-834-c23\">\n                            <!---->\n                            <!---->\n                            <h3 class=\"\"><span style=\"color: rgb(255, 255, 255);\">Brandingenj\u00f6r<\/span><\/h3>\n                          <\/div>\n                        <\/div>\n                        <div data-colibri-id=\"834-c24\" class=\"h-text h-text-component style-750 style-local-834-c24 position-relative h-element\">\n                          <!---->\n                          <!---->\n                          <div class=\"\">\n                            <p><strong style=\"font-weight: 400; color: rgb(255, 255, 255); font-family: Halant; font-size: 101%;\">Brandingenj\u00f6rsutbildning \u00e4r en universitetsutbildning,&nbsp;en yrkesexamen.<\/strong><\/p>\n                            <p><span style=\"font-weight: 400; color: rgb(255, 255, 255); font-family: Halant; font-size: 16px;\">Under utbildningen l\u00e4ser man bland annat grundl\u00e4ggande tekniska \u00e4mnen samt specialkurser i brandteknik.<\/span><\/p>\n                            <p>En brandingenj\u00f6r arbetar med s\u00e4kerhet. Som brandingenj\u00f6r \u00e4r man med i samh\u00e4llsplaneringen och g\u00f6r riskbed\u00f6mningar, allt i syfte att f\u00f6rhindra brand och skadeverkningar vid olyckor. I arbetet ing\u00e5r att vara r\u00e4ddningsledare och\n                              ha det h\u00f6gsta ansvaret vid en olycksplats.<\/p>\n                            <p>Brandingenj\u00f6rer kan specialisera sig inom vissa omr\u00e5den.&nbsp;<span style=\"font-weight: 400; font-size: 101%; font-family: Halant; color: rgb(255, 255, 255);\">De brandingenj\u00f6rer som \u00e4r anst\u00e4llda inom n\u00e4ringslivet arbetar med brands\u00e4kerhet och skyddsfr\u00e5gor inom industrin, f\u00f6rs\u00e4kringsbranschen, och framf\u00f6rallt i brandskyddskonsultf\u00f6retag. D\u00e4r arbetar de med uppgifter som \u00e4r knutna till brands\u00e4kerhet, riskhantering, r\u00e4ddningstj\u00e4nst och skyddsfr\u00e5gor.<\/span><\/p>\n                            <p>\n                              <br>\n                            <\/p>\n                          <\/div>\n                        <\/div>\n                      <\/div>\n                    <\/div>\n                    <div data-hover=\"\" data-colibri-component=\"link\" data-href=\"\" data-colibri-id=\"834-c25\" class=\"h-content-swap-hover-container animated h-content-swap__hover d-flex border-radius-inherit fadeIn h-ui-empty-state-container justify-content-lg-center justify-content-md-center justify-content-center style-751 style-local-834-c25 position-relative\"\n                      style=\"display: none;\">\n                      <!---->\n                      <div class=\"w-100 h-y-container\">\n                        <!---->\n                      <\/div>\n                    <\/div>\n                  <\/div>\n                <\/div>\n              <\/div>\n            <\/div>\n          <\/div>\n          <div class=\"h-column h-column-container d-flex h-col-lg-6 h-col-md-6 h-col-12 style-754-outer style-local-834-c26-outer\">\n            <div data-colibri-id=\"834-c26\" class=\"d-flex h-flex-basis h-column__inner h-px-lg-2 h-px-md-2 h-px-2 v-inner-lg-2 v-inner-md-2 v-inner-2 style-754 style-local-834-c26 position-relative\">\n              <!---->\n              <!---->\n              <div class=\"w-100 h-y-container h-column__content h-column__v-align flex-basis-100 align-self-lg-start align-self-md-start align-self-start\">\n                <!---->\n                <div data-colibri-component=\"content-swap\" data-colibri-id=\"834-c27\" class=\"content-swap style-755 style-local-834-c27 position-relative h-element\">\n                  <!---->\n                  <div class=\"d-flex position-relative border-radius-inherit h-content-swap__overflow\">\n                    <div data-normal=\"\" data-colibri-id=\"834-c28\" class=\"h-content-swap__normal d-flex border-radius-inherit hide-animation style-756 style-local-834-c28 position-relative\">\n                      <!---->\n                      <div class=\"w-100 h-y-container align-self-lg-center align-self-md-center align-self-center\">\n                        <!---->\n                        <div data-colibri-id=\"834-c29\" class=\"h-global-transition-all h-heading style-757 style-local-834-c29 position-relative h-element\">\n                          <!---->\n                          <div class=\"h-heading__outer style-757 style-local-834-c29\">\n                            <!---->\n                            <!---->\n                            <h3 class=\"\">Sakkunnig<\/h3>\n                          <\/div>\n                        <\/div>\n                        <div data-colibri-id=\"834-c30\" class=\"h-text h-text-component style-758 style-local-834-c30 position-relative h-element\">\n                          <!---->\n                          <!---->\n                          <div class=\"\">\n                            <p>En sakkunnig inom brandskydd utf\u00f6r vissa kontroller och som ocks\u00e5 kan anges i en kontrollplan.&nbsp;&nbsp;RISE \u00e4r ackrediterade f\u00f6r denna certifiering.&nbsp;Certifieringskraven f\u00f6r sakkunnig inom brandskydd f\u00f6reskrivs av Boverket.&nbsp;F\u00f6r\n                              att bli certifierad m\u00e5ste f\u00f6ljande uppfyllas enligt BFS 2011:17 SAK3:<\/p>\n                            <p>ALLM\u00c4N TEKNIKS KOMPETENS\n                              <br> (byggingenj\u00f6r eller brandingenj\u00f6r)<\/p>\n                            <ul>\n                              <li>Yrkeserfarenhet inom omr\u00e5det<\/li>\n                              <li>Godk\u00e4nd tentamen<\/li>\n                              <li>L\u00e4mplighetsintyg<\/li>\n                            <\/ul>\n                            <p><span style=\"font-weight: 400; font-size: 16px; font-family: Halant; color: rgb(255, 255, 255);\">Som sakkunnig ska du kunna&nbsp;<\/span>uppr\u00e4tta en brandskyddsdokumentation och&nbsp;g\u00f6ra en redovisning i kontrollplan. Du ska\n                              kunna&nbsp;Plan- och bygglagen med tillh\u00f6rande f\u00f6rordningar,\n                              <br>\u00f6vriga angr\u00e4nsande lagar och f\u00f6rordningar,&nbsp;Boverkets regler om brandtekniska klasser,&nbsp;utrymning vid brand,&nbsp;avskiljning, brandcellsindelning,&nbsp;skydd mot brandspridning,&nbsp;avst\u00e5nd inom och mellan brandceller,\n                              b\u00e4rf\u00f6rm\u00e5ga,&nbsp;m.m.&nbsp;<\/p>\n                            <p>\n                              <br>\n                            <\/p>\n                          <\/div>\n                        <\/div>\n                      <\/div>\n                    <\/div>\n                    <div data-hover=\"\" data-colibri-component=\"link\" data-href=\"\" data-colibri-id=\"834-c31\" class=\"h-content-swap-hover-container animated h-content-swap__hover d-flex border-radius-inherit fadeIn h-ui-empty-state-container justify-content-lg-center justify-content-md-center justify-content-center style-759 style-local-834-c31 position-relative\"\n                      style=\"display: none;\">\n                      <!---->\n                      <div class=\"w-100 h-y-container\">\n                        <!---->\n                      <\/div>\n                    <\/div>\n                  <\/div>\n                <\/div>\n              <\/div>\n            <\/div>\n          <\/div>\n          <div class=\"h-column h-column-container d-flex h-col-lg-6 h-col-md-6 h-col-12 style-762-outer style-local-834-c32-outer\">\n            <div data-colibri-id=\"834-c32\" class=\"d-flex h-flex-basis h-column__inner h-ui-empty-state-container h-px-lg-2 h-px-md-2 h-px-2 v-inner-lg-2 v-inner-md-2 v-inner-2 style-762 style-local-834-c32 position-relative\">\n              <!---->\n              <!---->\n              <div class=\"w-100 h-y-container h-column__content h-column__v-align flex-basis-100\">\n                <!---->\n              <\/div>\n            <\/div>\n          <\/div>\n          <div class=\"h-column h-column-container d-flex h-col-lg-6 h-col-md-6 h-col-12 style-763-outer style-local-834-c33-outer\">\n            <div data-colibri-id=\"834-c33\" class=\"d-flex h-flex-basis h-column__inner h-ui-empty-state-container h-px-lg-2 h-px-md-2 h-px-2 v-inner-lg-2 v-inner-md-2 v-inner-2 style-763 style-local-834-c33 position-relative\">\n              <!---->\n              <!---->\n              <div class=\"w-100 h-y-container h-column__content h-column__v-align flex-basis-100\">\n                <!---->\n              <\/div>\n            <\/div>\n          <\/div>\n          <div class=\"h-column h-column-container d-flex h-col-lg-6 h-col-md-6 h-col-12 style-763-outer style-local-834-c34-outer\">\n            <div data-colibri-id=\"834-c34\" class=\"d-flex h-flex-basis h-column__inner h-ui-empty-state-container h-px-lg-2 h-px-md-2 h-px-2 v-inner-lg-2 v-inner-md-2 v-inner-2 style-763 style-local-834-c34 position-relative\">\n              <!---->\n              <!---->\n              <div class=\"w-100 h-y-container h-column__content h-column__v-align flex-basis-100\">\n                <!---->\n              <\/div>\n            <\/div>\n          <\/div>\n        <\/div>\n      <\/div>\n    <\/div>\n  <\/div>\n<\/div>","protected":false},"excerpt":{"rendered":"<p>KONSULTERING Konsultera Bj\u00e4re BrandTeknik n\u00e4r det g\u00e4ller brandrelaterade fr\u00e5gor i din verksamhet.&nbsp;V\u00e4lkommen att kontakta oss f\u00f6r information och prisuppgifter. Konsultering Bj\u00e4re Brandteknik hj\u00e4lper f\u00f6retag och verksamheter med brandrelaterade fr\u00e5gor. Vi \u00e4r ett team med olika utbildningar och erfarenheter som tillsammans har gedigen kompetens inom brandteknik och alla brandrelaterade fr\u00e5gor. Vi \u00e4r samarbetspartners till stora och [&hellip;]<\/p>\n","protected":false},"author":2,"featured_media":0,"parent":0,"menu_order":0,"comment_status":"closed","ping_status":"closed","template":"page-templates\/full-width-page.php","meta":{"footnotes":""},"class_list":["post-834","page","type-page","status-publish","hentry"],"_links":{"self":[{"href":"https:\/\/www.brandteknik.nu\/index.php\/wp-json\/wp\/v2\/pages\/834","targetHints":{"allow":["GET"]}}],"collection":[{"href":"https:\/\/www.brandteknik.nu\/index.php\/wp-json\/wp\/v2\/pages"}],"about":[{"href":"https:\/\/www.brandteknik.nu\/index.php\/wp-json\/wp\/v2\/types\/page"}],"author":[{"embeddable":true,"href":"https:\/\/www.brandteknik.nu\/index.php\/wp-json\/wp\/v2\/users\/2"}],"replies":[{"embeddable":true,"href":"https:\/\/www.brandteknik.nu\/index.php\/wp-json\/wp\/v2\/comments?post=834"}],"version-history":[{"count":10,"href":"https:\/\/www.brandteknik.nu\/index.php\/wp-json\/wp\/v2\/pages\/834\/revisions"}],"predecessor-version":[{"id":1425,"href":"https:\/\/www.brandteknik.nu\/index.php\/wp-json\/wp\/v2\/pages\/834\/revisions\/1425"}],"wp:attachment":[{"href":"https:\/\/www.brandteknik.nu\/index.php\/wp-json\/wp\/v2\/media?parent=834"}],"curies":[{"name":"wp","href":"https:\/\/api.w.org\/{rel}","templated":true}]}}