{"id":115,"date":"2022-05-24T09:21:59","date_gmt":"2022-05-24T07:21:59","guid":{"rendered":"http:\/\/brandteknik.lmdata.nu\/?page_id=115"},"modified":"2026-04-20T14:59:55","modified_gmt":"2026-04-20T12:59:55","slug":"kontakt","status":"publish","type":"page","link":"https:\/\/www.brandteknik.nu\/index.php\/kontakt\/","title":{"rendered":"Kontakt"},"content":{"rendered":"<div data-colibri-id=\"115-c1\" class=\"style-612 style-local-115-c1 position-relative\">\n  <!---->\n  <div data-colibri-component=\"section\" data-colibri-id=\"115-c2\" id=\"initial-content\" class=\"h-section h-section-global-spacing d-flex align-items-lg-center align-items-md-center align-items-center style-613 style-local-115-c2 position-relative\">\n    <!---->\n    <!---->\n    <div class=\"h-section-grid-container h-section-boxed-container\">\n      <!---->\n      <div data-colibri-id=\"115-c3\" class=\"h-row-container gutters-row-lg-2 gutters-row-md-2 gutters-row-0 gutters-row-v-lg-2 gutters-row-v-md-2 gutters-row-v-2 style-620 style-local-115-c3 position-relative\">\n        <!---->\n        <div class=\"h-row justify-content-lg-center justify-content-md-center justify-content-center align-items-lg-stretch align-items-md-stretch align-items-stretch gutters-col-lg-2 gutters-col-md-2 gutters-col-0 gutters-col-v-lg-2 gutters-col-v-md-2 gutters-col-v-2\">\n          <!---->\n          <div class=\"h-column h-column-container d-flex h-col-lg-auto h-col-md-auto h-col-auto style-621-outer style-local-115-c4-outer\">\n            <div data-colibri-id=\"115-c4\" class=\"d-flex h-flex-basis h-column__inner h-px-lg-2 h-px-md-2 h-px-2 v-inner-lg-2 v-inner-md-2 v-inner-2 style-621 style-local-115-c4 position-relative\">\n              <!---->\n              <!---->\n              <div class=\"w-100 h-y-container h-column__content h-column__v-align flex-basis-100 align-self-lg-start align-self-md-start align-self-start\">\n                <!---->\n                <div data-colibri-id=\"115-c5\" class=\"h-global-transition-all h-heading style-622 style-local-115-c5 position-relative h-element\">\n                  <!---->\n                  <div class=\"h-heading__outer style-622 style-local-115-c5\">\n                    <!---->\n                    <!---->\n                    <h3 class=\"\">KONTAKT<\/h3>\n                  <\/div>\n                <\/div>\n              <\/div>\n            <\/div>\n          <\/div>\n        <\/div>\n      <\/div>\n      <div data-colibri-id=\"115-c6\" class=\"h-row-container gutters-row-lg-2 gutters-row-md-2 gutters-row-0 gutters-row-v-lg-2 gutters-row-v-md-2 gutters-row-v-2 style-652 style-local-115-c6 position-relative\">\n        <!---->\n        <div class=\"h-row justify-content-lg-center justify-content-md-center justify-content-center align-items-lg-stretch align-items-md-stretch align-items-stretch gutters-col-lg-2 gutters-col-md-2 gutters-col-0 gutters-col-v-lg-2 gutters-col-v-md-2 gutters-col-v-2\">\n          <!---->\n          <div class=\"h-column h-column-container d-flex h-col-lg-auto h-col-md-auto h-col-auto style-653-outer style-local-115-c7-outer\">\n            <div data-colibri-id=\"115-c7\" class=\"d-flex h-flex-basis h-column__inner h-px-lg-2 h-px-md-2 h-px-2 v-inner-lg-2 v-inner-md-2 v-inner-2 style-653 style-local-115-c7 position-relative\">\n              <!---->\n              <!---->\n              <div class=\"w-100 h-y-container h-column__content h-column__v-align flex-basis-100 align-self-lg-start align-self-md-start align-self-start\">\n                <!---->\n                <div data-colibri-id=\"115-c8\" class=\"h-text h-text-component style-654 style-local-115-c8 position-relative h-element\">\n                  <!---->\n                  <!---->\n                  <div class=\"\">\n                    <p><em>V\u00e4lkommen att kontakta oss g\u00e4rna f\u00f6r information och prisuppgifter.<\/em><\/p>\n                  <\/div>\n                <\/div>\n              <\/div>\n            <\/div>\n          <\/div>\n        <\/div>\n      <\/div>\n      <div data-colibri-id=\"115-c9\" class=\"h-row-container gutters-row-lg-1 gutters-row-md-1 gutters-row-0 gutters-row-v-lg-1 gutters-row-v-md-1 gutters-row-v-1 style-623 style-local-115-c9 position-relative\">\n        <!---->\n        <div class=\"h-row justify-content-lg-center justify-content-md-center justify-content-center align-items-lg-stretch align-items-md-stretch align-items-stretch gutters-col-lg-1 gutters-col-md-1 gutters-col-0 gutters-col-v-lg-1 gutters-col-v-md-1 gutters-col-v-1\">\n          <!---->\n          <div class=\"h-column h-column-container d-flex h-col-lg-auto h-col-md-auto h-col-auto style-624-outer style-local-115-c10-outer\">\n            <div data-colibri-id=\"115-c10\" class=\"d-flex h-flex-basis h-column__inner h-px-lg-1 h-px-md-1 h-px-1 v-inner-lg-1 v-inner-md-1 v-inner-1 style-624 style-local-115-c10 position-relative\">\n              <!---->\n              <!---->\n              <div class=\"w-100 h-y-container h-column__content h-column__v-align flex-basis-100 align-self-lg-start align-self-md-start align-self-start\">\n                <!---->\n                <div data-colibri-component=\"content-swap\" data-colibri-id=\"115-c11\" class=\"content-swap style-626 style-local-115-c11 position-relative h-element\">\n                  <!---->\n                  <div class=\"d-flex position-relative border-radius-inherit h-content-swap__overflow\">\n                    <div data-normal=\"\" data-colibri-id=\"115-c12\" class=\"h-content-swap__normal d-flex border-radius-inherit hide-animation style-627 style-local-115-c12 position-relative\">\n                      <!---->\n                      <div class=\"w-100 h-y-container align-self-lg-start align-self-md-start align-self-start\">\n                        <!---->\n                        <div data-colibri-id=\"115-c13\" class=\"h-global-transition-all h-heading style-628 style-local-115-c13 position-relative h-element\">\n                          <!---->\n                          <div class=\"h-heading__outer style-628 style-local-115-c13\">\n                            <!---->\n                            <!---->\n                            <h3 class=\"\">S\u00e4ljare &amp; Utbildare<\/h3>\n                          <\/div>\n                        <\/div>\n                        <div data-colibri-id=\"115-c14\" class=\"h-text h-text-component style-629 style-local-115-c14 position-relative h-element\">\n                          <!---->\n                          <!---->\n                          <div class=\"\">\n                            <p><strong style=\"font-weight: 400;\">Allm\u00e4nna fr\u00e5gor och r\u00e5dgivning kontakta:<\/strong><\/p>\n                            <p><strong>Patrik<\/strong>&nbsp;070 326 25 95 \u2013 B\u00e5stad<\/p>\n                            <p>\n                              <br>\n                            <\/p>\n                            <p>\n                              <br>\n                            <\/p>\n                          <\/div>\n                        <\/div>\n                      <\/div>\n                    <\/div>\n                    <div data-hover=\"\" data-colibri-component=\"link\" data-href=\"mailto:patrik@brandteknik.nu\" data-colibri-id=\"115-c15\" class=\"h-content-swap-hover-container animated h-content-swap__hover d-flex border-radius-inherit fadeIn h-ui-empty-state-container justify-content-lg-center justify-content-md-center justify-content-center h-content-swap-hover-container--with-link style-630 style-local-115-c15 position-relative\"\n                      style=\"display: none;\">\n                      <!---->\n                      <div class=\"w-100 h-y-container\">\n                        <!---->\n                      <\/div>\n                    <\/div>\n                  <\/div>\n                <\/div>\n                <div data-colibri-component=\"content-swap\" data-colibri-id=\"115-c16\" class=\"content-swap style-626 style-local-115-c16 position-relative h-element\">\n                  <!---->\n                  <div class=\"d-flex position-relative border-radius-inherit h-content-swap__overflow\">\n                    <div data-normal=\"\" data-colibri-id=\"115-c17\" class=\"h-content-swap__normal d-flex border-radius-inherit hide-animation style-627 style-local-115-c17 position-relative\">\n                      <!---->\n                      <div class=\"w-100 h-y-container align-self-lg-start align-self-md-start align-self-start\">\n                        <!---->\n                        <div data-colibri-id=\"115-c18\" class=\"h-global-transition-all h-heading style-628 style-local-115-c18 position-relative h-element\">\n                          <!---->\n                          <div class=\"h-heading__outer style-628 style-local-115-c18\">\n                            <!---->\n                            <!---->\n                            <h3 class=\"\">Tekniker<\/h3>\n                          <\/div>\n                        <\/div>\n                        <div data-colibri-id=\"115-c19\" class=\"h-text h-text-component style-629 style-local-115-c19 position-relative h-element\">\n                          <!---->\n                          <!---->\n                          <div class=\"\">\n                            <p><strong>Stefan<\/strong>&nbsp;070 515 22 72 \u2013 G\u00f6teborg<\/p>\n                            <p><strong>David<\/strong>&nbsp;073 444 88 86 \u2013 Stockholm<\/p>\n                          <\/div>\n                        <\/div>\n                      <\/div>\n                    <\/div>\n                    <div data-hover=\"\" data-colibri-component=\"link\" data-href=\"\" data-colibri-id=\"115-c20\" class=\"h-content-swap-hover-container animated h-content-swap__hover d-flex border-radius-inherit fadeIn h-ui-empty-state-container justify-content-lg-center justify-content-md-center justify-content-center style-630 style-local-115-c20 position-relative\"\n                      style=\"display: none;\">\n                      <!---->\n                      <div class=\"w-100 h-y-container\">\n                        <!---->\n                      <\/div>\n                    <\/div>\n                  <\/div>\n                <\/div>\n                <div data-colibri-component=\"content-swap\" data-colibri-id=\"115-c21\" class=\"content-swap style-626 style-local-115-c21 position-relative h-element\">\n                  <!---->\n                  <div class=\"d-flex position-relative border-radius-inherit h-content-swap__overflow\">\n                    <div data-normal=\"\" data-colibri-id=\"115-c22\" class=\"h-content-swap__normal d-flex border-radius-inherit hide-animation style-627 style-local-115-c22 position-relative\">\n                      <!---->\n                      <div class=\"w-100 h-y-container align-self-lg-start align-self-md-start align-self-start\">\n                        <!---->\n                        <div data-colibri-id=\"115-c23\" class=\"h-global-transition-all h-heading style-628 style-local-115-c23 position-relative h-element\">\n                          <!---->\n                          <div class=\"h-heading__outer style-628 style-local-115-c23\">\n                            <!---->\n                            <!---->\n                            <h3 class=\"\">Specialist <\/h3>\n                          <\/div>\n                        <\/div>\n                        <div data-colibri-id=\"115-c24\" class=\"h-text h-text-component style-629 style-local-115-c24 position-relative h-element\">\n                          <!---->\n                          <!---->\n                          <div class=\"\">\n                            <p><strong style=\"font-size: 16px; font-family: Halant; color: rgb(255, 255, 255);\">Patrik<\/strong><span style=\"font-size: 16px; font-family: Halant; color: rgb(255, 255, 255); font-weight: 400;\">&nbsp;070 326 25 95 \u2013 B\u00e5stad<\/span><\/p>\n                            <p>\n                              <br>\n                            <\/p>\n                            <p>\n                              <br>\n                            <\/p>\n                          <\/div>\n                        <\/div>\n                      <\/div>\n                    <\/div>\n                    <div data-hover=\"\" data-colibri-component=\"link\" data-href=\"\" data-colibri-id=\"115-c25\" class=\"h-content-swap-hover-container animated h-content-swap__hover d-flex border-radius-inherit fadeIn h-ui-empty-state-container justify-content-lg-center justify-content-md-center justify-content-center style-630 style-local-115-c25 position-relative\"\n                      style=\"display: none;\">\n                      <!---->\n                      <div class=\"w-100 h-y-container\">\n                        <!---->\n                      <\/div>\n                    <\/div>\n                  <\/div>\n                <\/div>\n              <\/div>\n            <\/div>\n          <\/div>\n          <div class=\"h-column h-column-container d-flex h-col-lg-auto h-col-md-auto h-col-auto style-624-outer style-local-115-c26-outer\">\n            <div data-colibri-id=\"115-c26\" class=\"d-flex h-flex-basis h-column__inner h-px-lg-1 h-px-md-1 h-px-1 v-inner-lg-1 v-inner-md-1 v-inner-1 style-624 style-local-115-c26 position-relative\">\n              <!---->\n              <!---->\n              <div class=\"w-100 h-y-container h-column__content h-column__v-align flex-basis-100 align-self-lg-start align-self-md-start align-self-start\">\n                <!---->\n                <div data-colibri-component=\"content-swap\" data-colibri-id=\"115-c27\" class=\"content-swap style-626 style-local-115-c27 position-relative h-element\">\n                  <!---->\n                  <div class=\"d-flex position-relative border-radius-inherit h-content-swap__overflow\">\n                    <div data-normal=\"\" data-colibri-id=\"115-c28\" class=\"h-content-swap__normal d-flex border-radius-inherit hide-animation style-627 style-local-115-c28 position-relative\">\n                      <!---->\n                      <div class=\"w-100 h-y-container align-self-lg-start align-self-md-start align-self-start\">\n                        <!---->\n                        <div data-colibri-id=\"115-c29\" class=\"h-global-transition-all h-heading style-628 style-local-115-c29 position-relative h-element\">\n                          <!---->\n                          <div class=\"h-heading__outer style-628 style-local-115-c29\">\n                            <!---->\n                            <!---->\n                            <h3 class=\"\">Brandingenj\u00f6r &amp; Sakkunnig<\/h3>\n                          <\/div>\n                        <\/div>\n                        <div data-colibri-id=\"115-c30\" class=\"h-text h-text-component style-629 style-local-115-c30 position-relative h-element\">\n                          <!---->\n                          <!---->\n                          <div class=\"\">\n                            <p><strong>Peter<\/strong>&nbsp;070 302 29 84<\/p>\n                            <p>\n                              <br>\n                            <\/p>\n                            <p>\n                              <br>\n                            <\/p>\n                          <\/div>\n                        <\/div>\n                      <\/div>\n                    <\/div>\n                    <div data-hover=\"\" data-colibri-component=\"link\" data-href=\"\" data-colibri-id=\"115-c31\" class=\"h-content-swap-hover-container animated h-content-swap__hover d-flex border-radius-inherit fadeIn h-ui-empty-state-container justify-content-lg-center justify-content-md-center justify-content-center style-630 style-local-115-c31 position-relative\"\n                      style=\"display: none;\">\n                      <!---->\n                      <div class=\"w-100 h-y-container\">\n                        <!---->\n                      <\/div>\n                    <\/div>\n                  <\/div>\n                <\/div>\n                <div data-colibri-component=\"content-swap\" data-colibri-id=\"115-c32\" class=\"content-swap style-626 style-local-115-c32 position-relative h-element\">\n                  <!---->\n                  <div class=\"d-flex position-relative border-radius-inherit h-content-swap__overflow\">\n                    <div data-normal=\"\" data-colibri-id=\"115-c33\" class=\"h-content-swap__normal d-flex border-radius-inherit hide-animation style-627 style-local-115-c33 position-relative\">\n                      <!---->\n                      <div class=\"w-100 h-y-container align-self-lg-start align-self-md-start align-self-start\">\n                        <!---->\n                        <div data-colibri-id=\"115-c34\" class=\"h-global-transition-all h-heading style-628 style-local-115-c34 position-relative h-element\">\n                          <!---->\n                          <div class=\"h-heading__outer style-628 style-local-115-c34\">\n                            <!---->\n                            <!---->\n                            <h3 class=\"\">Brandfarlig vara<\/h3>\n                          <\/div>\n                        <\/div>\n                        <div data-colibri-id=\"115-c35\" class=\"h-text h-text-component style-629 style-local-115-c35 position-relative h-element\">\n                          <!---->\n                          <!---->\n                          <div class=\"\">\n                            <p><strong>Bj\u00f6rn<\/strong>&nbsp;070 932 99 77 &#8211; Nyn\u00e4shamn<\/p>\n                            <p>\n                              <br>\n                            <\/p>\n                            <p>\n                              <br>\n                            <\/p>\n                          <\/div>\n                        <\/div>\n                      <\/div>\n                    <\/div>\n                    <div data-hover=\"\" data-colibri-component=\"link\" data-href=\"\" data-colibri-id=\"115-c36\" class=\"h-content-swap-hover-container animated h-content-swap__hover d-flex border-radius-inherit fadeIn h-ui-empty-state-container justify-content-lg-center justify-content-md-center justify-content-center style-630 style-local-115-c36 position-relative\"\n                      style=\"display: none;\">\n                      <!---->\n                      <div class=\"w-100 h-y-container\">\n                        <!---->\n                      <\/div>\n                    <\/div>\n                  <\/div>\n                <\/div>\n                <div data-colibri-component=\"content-swap\" data-colibri-id=\"115-c37\" class=\"content-swap style-626 style-local-115-c37 position-relative h-element\">\n                  <!---->\n                  <div class=\"d-flex position-relative border-radius-inherit h-content-swap__overflow\">\n                    <div data-normal=\"\" data-colibri-id=\"115-c38\" class=\"h-content-swap__normal d-flex border-radius-inherit hide-animation style-627 style-local-115-c38 position-relative\">\n                      <!---->\n                      <div class=\"w-100 h-y-container align-self-lg-start align-self-md-start align-self-start\">\n                        <!---->\n                        <div data-colibri-id=\"115-c39\" class=\"h-global-transition-all h-heading style-628 style-local-115-c39 position-relative h-element\">\n                          <!---->\n                          <div class=\"h-heading__outer style-628 style-local-115-c39\">\n                            <!---->\n                            <!---->\n                            <h3 class=\"\">Utrymningsplaner<\/h3>\n                          <\/div>\n                        <\/div>\n                        <div data-colibri-id=\"115-c40\" class=\"h-text h-text-component style-629 style-local-115-c40 position-relative h-element\">\n                          <!---->\n                          <!---->\n                          <div class=\"\">\n                            <p><strong style=\"font-size: 16px; font-family: Halant; color: rgb(255, 255, 255);\">Carina<\/strong><span style=\"font-size: 16px; font-family: Halant; color: rgb(255, 255, 255); font-weight: 400;\">&nbsp;073 100 19 14 \u2013 <\/span>\n                              <a\n                                href=\"http:\/\/brandteknik.lmdata.nu\/index.php\/kontakt\/www.utrymningsplaner.nu\" style=\"font-size: 16px; font-family: Halant; color: rgb(255, 255, 255); font-weight: 400;\" target=\"_blank\">www.utrymningsplaner.nu<\/a>\n                            <\/p>\n                            <p>\n                              <br>\n                            <\/p>\n                            <p>\n                              <br>\n                            <\/p>\n                          <\/div>\n                        <\/div>\n                      <\/div>\n                    <\/div>\n                    <div data-hover=\"\" data-colibri-component=\"link\" data-href=\"\" data-colibri-id=\"115-c41\" class=\"h-content-swap-hover-container animated h-content-swap__hover d-flex border-radius-inherit fadeIn h-ui-empty-state-container justify-content-lg-center justify-content-md-center justify-content-center style-630 style-local-115-c41 position-relative\"\n                      style=\"display: none;\">\n                      <!---->\n                      <div class=\"w-100 h-y-container\">\n                        <!---->\n                      <\/div>\n                    <\/div>\n                  <\/div>\n                <\/div>\n              <\/div>\n            <\/div>\n          <\/div>\n        <\/div>\n      <\/div>\n    <\/div>\n  <\/div>\n<\/div>","protected":false},"excerpt":{"rendered":"<p>KONTAKT V\u00e4lkommen att kontakta oss g\u00e4rna f\u00f6r information och prisuppgifter. S\u00e4ljare &amp; Utbildare Allm\u00e4nna fr\u00e5gor och r\u00e5dgivning kontakta: Patrik&nbsp;070 326 25 95 \u2013 B\u00e5stad Tekniker Stefan&nbsp;070 515 22 72 \u2013 G\u00f6teborg David&nbsp;073 444 88 86 \u2013 Stockholm Specialist Patrik&nbsp;070 326 25 95 \u2013 B\u00e5stad Brandingenj\u00f6r &amp; Sakkunnig Peter&nbsp;070 302 29 84 Brandfarlig vara Bj\u00f6rn&nbsp;070 932 [&hellip;]<\/p>\n","protected":false},"author":2,"featured_media":0,"parent":0,"menu_order":0,"comment_status":"closed","ping_status":"closed","template":"page-templates\/full-width-page.php","meta":{"footnotes":""},"class_list":["post-115","page","type-page","status-publish","hentry"],"_links":{"self":[{"href":"https:\/\/www.brandteknik.nu\/index.php\/wp-json\/wp\/v2\/pages\/115","targetHints":{"allow":["GET"]}}],"collection":[{"href":"https:\/\/www.brandteknik.nu\/index.php\/wp-json\/wp\/v2\/pages"}],"about":[{"href":"https:\/\/www.brandteknik.nu\/index.php\/wp-json\/wp\/v2\/types\/page"}],"author":[{"embeddable":true,"href":"https:\/\/www.brandteknik.nu\/index.php\/wp-json\/wp\/v2\/users\/2"}],"replies":[{"embeddable":true,"href":"https:\/\/www.brandteknik.nu\/index.php\/wp-json\/wp\/v2\/comments?post=115"}],"version-history":[{"count":20,"href":"https:\/\/www.brandteknik.nu\/index.php\/wp-json\/wp\/v2\/pages\/115\/revisions"}],"predecessor-version":[{"id":2436,"href":"https:\/\/www.brandteknik.nu\/index.php\/wp-json\/wp\/v2\/pages\/115\/revisions\/2436"}],"wp:attachment":[{"href":"https:\/\/www.brandteknik.nu\/index.php\/wp-json\/wp\/v2\/media?parent=115"}],"curies":[{"name":"wp","href":"https:\/\/api.w.org\/{rel}","templated":true}]}}